{"id":4782,"date":"2024-12-04T13:35:16","date_gmt":"2024-12-04T05:35:16","guid":{"rendered":"https:\/\/minifragrance.co.uk\/?post_type=product&#038;p=4782"},"modified":"2026-03-20T14:36:04","modified_gmt":"2026-03-20T06:36:04","slug":"miss-dior-blooming-bouquet","status":"publish","type":"product","link":"https:\/\/minifragrance.co.uk\/pt\/product\/miss-dior-blooming-bouquet\/","title":{"rendered":"Miss Dior Bouquet em flor"},"content":{"rendered":"<p><strong>Miss Dior Bouquet em flor<\/strong><br \/>\nUm cl\u00e1ssico intemporal que irradia eleg\u00e2ncia e feminilidade. Esta fragr\u00e2ncia floral combina pe\u00f3nia, rosa e alm\u00edscar branco para criar um aroma leve e refrescante, perfeito para o uso di\u00e1rio.<\/p>\n<p><strong>Mereces ser celebrado<\/strong><\/p>\n<p>Todas as raparigas merecem sentir-se especiais, radiantes e confiantes - tal como tu. A sua beleza e charme \u00fanicos iluminam todas as divis\u00f5es, e n\u00f3s acreditamos em acrescentar um pouco mais de brilho ao seu dia.<\/p>\n<p>Como sinal do nosso apre\u00e7o, a nossa loja incluir\u00e1 um <strong>prenda surpresa aleat\u00f3ria<\/strong> com a sua compra. \u00c9 a nossa forma de dizer obrigado por ser fant\u00e1stico e partilhar a sua viagem connosco.<\/p>\n<p>Porque n\u00e3o est\u00e1 apenas a fazer compras connosco - est\u00e1 a fazer parte de algo especial. \ud83d\udc95<\/p>\n<p><strong>A Conveni\u00eancia dos Mini Perfumes: Viajar leve, cheirar divinamente<\/strong><\/p>\n<p>Os mini-perfumes s\u00e3o a combina\u00e7\u00e3o perfeita de luxo e praticidade. Concebidos para quem est\u00e1 sempre em movimento, oferecem toda a eleg\u00e2ncia e sofistica\u00e7\u00e3o das fragr\u00e2ncias de tamanho normal num tamanho compacto e f\u00e1cil de transportar.<\/p>\n<p>Portabilidade: Coloque-os na sua mala, carteira ou bolso para retoques sem esfor\u00e7o durante o dia ou a noite.<br \/>\nVariedade: Explore v\u00e1rios aromas sem se comprometer com um \u00fanico frasco - ideal para descobrir a sua pr\u00f3xima fragr\u00e2ncia de assinatura.<br \/>\nPronto para viajar: Os tamanhos aprovados pelas companhias a\u00e9reas significam que pode levar os seus perfumes favoritos para onde quer que v\u00e1.<br \/>\nGifting Made Easy: Uma forma perfeita de partilhar o mundo das fragr\u00e2ncias premium com os seus entes queridos.<\/p>\n<p>A cole\u00e7\u00e3o de mini-perfumes da Dior combina a alta qualidade artesanal com a conveni\u00eancia, assegurando que pode exalar confian\u00e7a e estilo em qualquer altura e em qualquer lugar.<\/p>","protected":false},"excerpt":{"rendered":"<p>Um cl\u00e1ssico intemporal que irradia eleg\u00e2ncia e feminilidade. Esta fragr\u00e2ncia floral combina pe\u00f3nia, rosa e alm\u00edscar branco para criar um aroma leve e refrescante, perfeito para o uso di\u00e1rio.<\/p>","protected":false},"featured_media":4783,"comment_status":"open","ping_status":"closed","template":"","meta":{"site-sidebar-layout":"default","site-content-layout":"","ast-site-content-layout":"default","site-content-style":"default","site-sidebar-style":"default","ast-global-header-display":"","ast-banner-title-visibility":"","ast-main-header-display":"","ast-hfb-above-header-display":"","ast-hfb-below-header-display":"","ast-hfb-mobile-header-display":"","site-post-title":"","ast-breadcrumbs-content":"","ast-featured-img":"","footer-sml-layout":"","theme-transparent-header-meta":"default","adv-header-id-meta":"","stick-header-meta":"default","header-above-stick-meta":"","header-main-stick-meta":"","header-below-stick-meta":"","astra-migrate-meta-layouts":"set","ast-page-background-enabled":"default","ast-page-background-meta":{"desktop":{"background-color":"","background-image":"","background-repeat":"repeat","background-position":"center center","background-size":"auto","background-attachment":"scroll","background-type":"","background-media":"","overlay-type":"","overlay-color":"","overlay-gradient":""},"tablet":{"background-color":"","background-image":"","background-repeat":"repeat","background-position":"center center","background-size":"auto","background-attachment":"scroll","background-type":"","background-media":"","overlay-type":"","overlay-color":"","overlay-gradient":""},"mobile":{"background-color":"","background-image":"","background-repeat":"repeat","background-position":"center center","background-size":"auto","background-attachment":"scroll","background-type":"","background-media":"","overlay-type":"","overlay-color":"","overlay-gradient":""}},"ast-content-background-meta":{"desktop":{"background-color":"var(--ast-global-color-5)","background-image":"","background-repeat":"repeat","background-position":"center center","background-size":"auto","background-attachment":"scroll","background-type":"","background-media":"","overlay-type":"","overlay-color":"","overlay-gradient":""},"tablet":{"background-color":"var(--ast-global-color-5)","background-image":"","background-repeat":"repeat","background-position":"center center","background-size":"auto","background-attachment":"scroll","background-type":"","background-media":"","overlay-type":"","overlay-color":"","overlay-gradient":""},"mobile":{"background-color":"var(--ast-global-color-5)","background-image":"","background-repeat":"repeat","background-position":"center center","background-size":"auto","background-attachment":"scroll","background-type":"","background-media":"","overlay-type":"","overlay-color":"","overlay-gradient":""}}},"product_cat":[15,76,60,73],"product_tag":[],"class_list":{"0":"post-4782","1":"product","2":"type-product","3":"status-publish","4":"has-post-thumbnail","6":"product_cat-product","7":"product_cat-aftershave","8":"product_cat-fragrances","9":"product_cat-men","10":"desktop-align-center","11":"tablet-align-left","12":"mobile-align-left","14":"first","15":"instock","16":"sale","17":"shipping-taxable","18":"purchasable","19":"product-type-variable"},"_links":{"self":[{"href":"https:\/\/minifragrance.co.uk\/pt\/wp-json\/wp\/v2\/product\/4782","targetHints":{"allow":["GET"]}}],"collection":[{"href":"https:\/\/minifragrance.co.uk\/pt\/wp-json\/wp\/v2\/product"}],"about":[{"href":"https:\/\/minifragrance.co.uk\/pt\/wp-json\/wp\/v2\/types\/product"}],"replies":[{"embeddable":true,"href":"https:\/\/minifragrance.co.uk\/pt\/wp-json\/wp\/v2\/comments?post=4782"}],"version-history":[{"count":3,"href":"https:\/\/minifragrance.co.uk\/pt\/wp-json\/wp\/v2\/product\/4782\/revisions"}],"predecessor-version":[{"id":4792,"href":"https:\/\/minifragrance.co.uk\/pt\/wp-json\/wp\/v2\/product\/4782\/revisions\/4792"}],"wp:featuredmedia":[{"embeddable":true,"href":"https:\/\/minifragrance.co.uk\/pt\/wp-json\/wp\/v2\/media\/4783"}],"wp:attachment":[{"href":"https:\/\/minifragrance.co.uk\/pt\/wp-json\/wp\/v2\/media?parent=4782"}],"wp:term":[{"taxonomy":"product_cat","embeddable":true,"href":"https:\/\/minifragrance.co.uk\/pt\/wp-json\/wp\/v2\/product_cat?post=4782"},{"taxonomy":"product_tag","embeddable":true,"href":"https:\/\/minifragrance.co.uk\/pt\/wp-json\/wp\/v2\/product_tag?post=4782"}],"curies":[{"name":"wp","href":"https:\/\/api.w.org\/{rel}","templated":true}]}}