{"id":4776,"date":"2024-12-02T11:17:45","date_gmt":"2024-12-02T03:17:45","guid":{"rendered":"https:\/\/minifragrance.co.uk\/?post_type=product&#038;p=4776"},"modified":"2024-12-02T11:21:14","modified_gmt":"2024-12-02T03:21:14","slug":"armani-my-way","status":"publish","type":"product","link":"https:\/\/minifragrance.co.uk\/pt\/product\/armani-my-way\/","title":{"rendered":"Armani My Way"},"content":{"rendered":"<p>My Way \u00e9 um convite para abrir os seus horizontes e viver encontros significativos em todo o mundo. Um ramo luminoso de flores brancas \u00e9 encerrado num frasco que se assemelha a um talism\u00e3: uma met\u00e1fora do mundo.<\/p>\n<p>MY WAY cont\u00e9m descobertas e conex\u00f5es dedicadas a uma mulher curiosa e aut\u00eantica, em busca de experi\u00eancias que desafiem preconceitos, para viver encontros significativos em todo o mundo.<\/p>\n<p>Esta fragr\u00e2ncia feminina \u00e9 elaborada com os melhores ingredientes naturais. Nas notas de topo, a Bergamota encontra as Flores de Laranjeira do Egito, criando uma luminosidade brilhante; o cora\u00e7\u00e3o abre-se num bouquet radiante de Tuberosa e Jasmim da \u00cdndia. Finalmente, as notas de fundo: uma harmonia composta por uma sensual Baunilha Bourbon Premium de Madag\u00e1scar, nuances vibrantes de Cedro da Virg\u00ednia e delicados Alm\u00edscar Brancos.<\/p>\n<p>O bon\u00e9 azul e dourado \u00e9 uma met\u00e1fora do mundo. O azul \u00e9 a cor universal, que une cada um de n\u00f3s. \u00c9 rodeada por um anel de ouro, gravado com a assinatura \"Giorgio Armani\", para simbolizar uma viagem enriquecida por cada encontro. Esta fragr\u00e2ncia luxuosa \u00e9 recarreg\u00e1vel.<\/p>\n<p>Lembra-te de um talism\u00e3 que engloba todos os encontros significativos. EU SOU O QUE EU VIVO.<\/p>\n<p>Ingredientes: \u00c1lcool, Parfum \/ Fragr\u00e2ncia, Aqua \/ \u00c1gua, Linalol, Salicilato de Benzilo, \u00c1lcool Benz\u00edlico, Hidroxicitronelal, Limoneno, Salicilato de Etil-hexilo, Metoxidibenzoilmetano de Butilo, Antranilato de metilo, hexil cinamal, geraniol, citronelol, eugenol, citral, alfa-isometil ionona, citrato de tris(tetrametil-hidroxipiperidinol), isoeugenol, cinamal, benzoato de benzilo<\/p>","protected":false},"excerpt":{"rendered":"<ul class=\"list-unstyled\">\n<li class=\"product-model\"><b>Modelo:<\/b>211<\/li>\n<li class=\"product-weight\"><b>Peso:<\/b>0,17 on\u00e7as<\/li>\n<\/ul>","protected":false},"featured_media":4777,"comment_status":"closed","ping_status":"closed","template":"","meta":{"site-sidebar-layout":"default","site-content-layout":"","ast-site-content-layout":"default","site-content-style":"default","site-sidebar-style":"default","ast-global-header-display":"","ast-banner-title-visibility":"","ast-main-header-display":"","ast-hfb-above-header-display":"","ast-hfb-below-header-display":"","ast-hfb-mobile-header-display":"","site-post-title":"","ast-breadcrumbs-content":"","ast-featured-img":"","footer-sml-layout":"","theme-transparent-header-meta":"default","adv-header-id-meta":"","stick-header-meta":"default","header-above-stick-meta":"","header-main-stick-meta":"","header-below-stick-meta":"","astra-migrate-meta-layouts":"set","ast-page-background-enabled":"default","ast-page-background-meta":{"desktop":{"background-color":"","background-image":"","background-repeat":"repeat","background-position":"center center","background-size":"auto","background-attachment":"scroll","background-type":"","background-media":"","overlay-type":"","overlay-color":"","overlay-gradient":""},"tablet":{"background-color":"","background-image":"","background-repeat":"repeat","background-position":"center center","background-size":"auto","background-attachment":"scroll","background-type":"","background-media":"","overlay-type":"","overlay-color":"","overlay-gradient":""},"mobile":{"background-color":"","background-image":"","background-repeat":"repeat","background-position":"center center","background-size":"auto","background-attachment":"scroll","background-type":"","background-media":"","overlay-type":"","overlay-color":"","overlay-gradient":""}},"ast-content-background-meta":{"desktop":{"background-color":"var(--ast-global-color-5)","background-image":"","background-repeat":"repeat","background-position":"center center","background-size":"auto","background-attachment":"scroll","background-type":"","background-media":"","overlay-type":"","overlay-color":"","overlay-gradient":""},"tablet":{"background-color":"var(--ast-global-color-5)","background-image":"","background-repeat":"repeat","background-position":"center center","background-size":"auto","background-attachment":"scroll","background-type":"","background-media":"","overlay-type":"","overlay-color":"","overlay-gradient":""},"mobile":{"background-color":"var(--ast-global-color-5)","background-image":"","background-repeat":"repeat","background-position":"center center","background-size":"auto","background-attachment":"scroll","background-type":"","background-media":"","overlay-type":"","overlay-color":"","overlay-gradient":""}}},"product_cat":[15],"product_tag":[],"class_list":{"0":"post-4776","1":"product","2":"type-product","3":"status-publish","4":"has-post-thumbnail","6":"product_cat-product","7":"desktop-align-center","8":"tablet-align-left","9":"mobile-align-left","11":"first","12":"outofstock","13":"shipping-taxable","14":"purchasable","15":"product-type-variable"},"_links":{"self":[{"href":"https:\/\/minifragrance.co.uk\/pt\/wp-json\/wp\/v2\/product\/4776","targetHints":{"allow":["GET"]}}],"collection":[{"href":"https:\/\/minifragrance.co.uk\/pt\/wp-json\/wp\/v2\/product"}],"about":[{"href":"https:\/\/minifragrance.co.uk\/pt\/wp-json\/wp\/v2\/types\/product"}],"replies":[{"embeddable":true,"href":"https:\/\/minifragrance.co.uk\/pt\/wp-json\/wp\/v2\/comments?post=4776"}],"version-history":[{"count":3,"href":"https:\/\/minifragrance.co.uk\/pt\/wp-json\/wp\/v2\/product\/4776\/revisions"}],"predecessor-version":[{"id":4780,"href":"https:\/\/minifragrance.co.uk\/pt\/wp-json\/wp\/v2\/product\/4776\/revisions\/4780"}],"wp:featuredmedia":[{"embeddable":true,"href":"https:\/\/minifragrance.co.uk\/pt\/wp-json\/wp\/v2\/media\/4777"}],"wp:attachment":[{"href":"https:\/\/minifragrance.co.uk\/pt\/wp-json\/wp\/v2\/media?parent=4776"}],"wp:term":[{"taxonomy":"product_cat","embeddable":true,"href":"https:\/\/minifragrance.co.uk\/pt\/wp-json\/wp\/v2\/product_cat?post=4776"},{"taxonomy":"product_tag","embeddable":true,"href":"https:\/\/minifragrance.co.uk\/pt\/wp-json\/wp\/v2\/product_tag?post=4776"}],"curies":[{"name":"wp","href":"https:\/\/api.w.org\/{rel}","templated":true}]}}