{"id":349,"date":"2024-11-19T10:59:34","date_gmt":"2024-11-19T02:59:34","guid":{"rendered":"https:\/\/minifragrance.co.uk\/product\/dark-brown-jeans\/"},"modified":"2024-12-01T21:26:49","modified_gmt":"2024-12-01T13:26:49","slug":"dark-brown-jeans","status":"publish","type":"product","link":"https:\/\/minifragrance.co.uk\/pt\/product\/dark-brown-jeans\/","title":{"rendered":"Lembrete quente PROMESSA QUENTE"},"content":{"rendered":"<p>Lembrete quente PROMESSA QUENTE<br \/>\nDe acordo com as leis e regulamentos internacionais relevantes, os cosm\u00e9ticos com um prazo de validade superior a 30 meses n\u00e3o precisam de indicar obrigatoriamente o prazo de validade. Para esses produtos, deve ser indicada a data de validade de utiliza\u00e7\u00e3o segura e sem danos para os consumidores ap\u00f3s a abertura. Os perfumes pertencem ao sector dos cosm\u00e9ticos. Se os consumidores prestarem demasiada aten\u00e7\u00e3o ao prazo de validade do perfume e afirmarem que o perfume expirou por inqu\u00e9rito de lote, fa\u00e7a uma encomenda com cuidado. Pedimos desculpa pela m\u00e1 experi\u00eancia de compra que vos causou.<\/p>\n<p>Introdu\u00e7\u00e3o ao produto<br \/>\nCreed acredita no perfume para homem Silver Mountain Spring (EDP), que \u00e9 o ar excitante e confort\u00e1vel da montanha e o h\u00e1lito puro da primavera dos Alpes. As fragr\u00e2ncias de citrinos, ch\u00e1, groselha preta, alm\u00edscar e \u00e2mbar gris s\u00e3o tamb\u00e9m as fragr\u00e2ncias favoritas de Olivier CREED. Aroma fresco e refrescante da \u00e1gua, notas harmoniosas de citrinos, ch\u00e1 e groselha preta. Silver Mountain Spring n\u00e3o tem amargor do princ\u00edpio ao fim, \u00e9 muito refrescante e doce. \u00c9 adequado tanto para o ver\u00e3o como para o inverno.<br \/>\nMarca: Credo F\u00e9<\/p>\n<p>Nome do produto: Perfume masculino Silver Mountain Spring<\/p>\n<p>\u25cb Especifica\u00e7\u00e3o: 100ml<\/p>\n<p>\u25cb Tipo: EDP\/perfume<\/p>\n<p>P\u00fablico-alvo: Adequado para todos os homens para usar.<\/p>\n<p>\u25cb fragr\u00e2ncia de perfume: Fragr\u00e2ncia Fuqi<\/p>\n<p>Nota de topo: lim\u00e3o perfumado, laranja.<\/p>\n<p>Nota m\u00e9dia: ch\u00e1, groselha preta.<\/p>\n<p>Nota de fundo: pinho branco, alm\u00edscar, s\u00e2ndalo, folhas de laranja amarga.<\/p>\n<p>Carater\u00edsticas do produto<br \/>\nO perfume neutro Silver Mountain Spring \u00e9 o ar excitante e confort\u00e1vel da montanha e a respira\u00e7\u00e3o pura da primavera dos Alpes.<\/p>\n<p>F\u00e1cil de transportar e de utilizar, permite lidar sem esfor\u00e7o com v\u00e1rias situa\u00e7\u00f5es sociais.<\/p>\n<p>Ap\u00f3s inspe\u00e7\u00e3o, n\u00e3o foram adicionados corantes artificiais, \u00f3leos minerais ou conservantes.<\/p>\n<p>Como utilizar<br \/>\nM\u00e9todo dos sete pontos: a ess\u00eancia \u00e9 melhor utilizada com a ponta, o perfume com o fio e a eau de toilette com a superf\u00edcie. Tenha aten\u00e7\u00e3o para evitar a fric\u00e7\u00e3o for\u00e7ada durante o processo de fric\u00e7\u00e3o do perfume. Embora a simples fric\u00e7\u00e3o n\u00e3o danifique a estrutura molecular do perfume, ir\u00e1 acelerar a volatiliza\u00e7\u00e3o do perfume se a temperatura for demasiado elevada.<\/p>\n<p>M\u00e9todo de pulveriza\u00e7\u00e3o: antes de usar roupas, deixe o spray a 10-20 cm de dist\u00e2ncia do corpo para pulverizar uma n\u00e9voa como perfume, quanto maior o alcance de pulveriza\u00e7\u00e3o, melhor, ent\u00e3o fique na n\u00e9voa da fragr\u00e2ncia por 5 minutos, ou pulverize perfume em uma grande variedade e, em seguida, caminhe lentamente atrav\u00e9s da n\u00e9voa da fragr\u00e2ncia. Isto pode distribuir uniformemente a n\u00e9voa perfumada no corpo, deixando uma fragr\u00e2ncia t\u00e9nue.<\/p>\n<p>O tempo de reten\u00e7\u00e3o da fragr\u00e2ncia do perfume est\u00e1 relacionado com a concentra\u00e7\u00e3o de \u00e1lcool do perfume. A temperatura, a humidade e a ventila\u00e7\u00e3o do ambiente afectar\u00e3o o tempo de reten\u00e7\u00e3o da fragr\u00e2ncia, pelo que tamb\u00e9m precisa de ser reabastecido.<\/p>\n<p>Aviso de aten\u00e7\u00e3o<br \/>\nN\u00e3o o colocar ao alcance das crian\u00e7as;<\/p>\n<p>Conservar num local escuro e seco, a uma temperatura n\u00e3o superior a 25 graus Celsius;<\/p>\n<p>Em caso de reac\u00e7\u00f5es al\u00e9rgicas, consultar um m\u00e9dico.<\/p>\n<p>Hist\u00f3ria da marca Hist\u00f3ria da marca<br \/>\nFundada por James Henry Creed em Londres em 1760, a perfumaria Creed foi designada como perfume imperial pela Rainha Vit\u00f3ria de Inglaterra. Em 1854, sob as ordens da Imperatriz Eug\u00e9nia de Fran\u00e7a, a sede foi transferida para Paris, feita \u00e0 medida dos nobres e da nobreza, e rapidamente se tornou popular no continente europeu. Durante quase 250 anos, foi transmitido de gera\u00e7\u00e3o em gera\u00e7\u00e3o pela fam\u00edlia, aderindo \u00e0 antiga tecnologia de destila\u00e7\u00e3o de aromas, selecionando cuidadosamente ingredientes de alta qualidade, e a f\u00f3rmula \u00e9 densa e profunda. As ideias engenhosas de eleg\u00e2ncia e loucura coexistem, deixando as pessoas extasiadas. At\u00e9 \u00e0 data, a Creed tem continuado a utilizar o antigo m\u00e9todo de destila\u00e7\u00e3o, que foi abandonado pela tecnologia moderna, para extrair a ess\u00eancia da fragr\u00e2ncia, e insistiu na utiliza\u00e7\u00e3o manual, orgulhando-se do mais natural e puro. Os materiais selecionados s\u00e3o todos produzidos nas regi\u00f5es de topo reconhecidas a n\u00edvel mundial, como as rosas do Vale das Rosas da Bulg\u00e1ria, o jasmim de Floren\u00e7a, o jasmim da noite indiano, o vetiver do Haiti, o ylang ylang de Madag\u00e1scar, o tabaco de Cuba... Para garantir a qualidade do s\u00e2ndalo, assin\u00e1mos exclusivamente com fornecedores de Mysore, na \u00cdndia. O couro na boca do frasco \u00e9 hermeticamente fechado e perfumado, mesmo que todo o frasco seja usado, a fragr\u00e2ncia ainda permanece. V\u00e1rios pormenores de alta qualidade desenvolveram a perfei\u00e7\u00e3o da aromaterapia at\u00e9 ao extremo, e n\u00e3o \u00e9 de admirar que a ind\u00fastria tenha dado a Creed a reputa\u00e7\u00e3o de \"Fragr\u00e2ncia Nobre\".<\/p>","protected":false},"excerpt":{"rendered":"<p>Nam nec tellus a odio tincidunt auctor a ornare odio. Sed non mauris vitae erat consequat auctor eu in elit. Class aptent taciti sociosqu ad litora torquent per conubia nostra, per inceptos himenaeos. Mauris in erat justo. Nullam ac urna eu felis dapibus condimentum sit amet a augue. Sed non neque elit sed.<\/p>","protected":false},"featured_media":4715,"comment_status":"closed","ping_status":"closed","template":"","meta":{"site-sidebar-layout":"default","site-content-layout":"default","ast-site-content-layout":"default","site-content-style":"default","site-sidebar-style":"default","ast-global-header-display":"","ast-banner-title-visibility":"","ast-main-header-display":"","ast-hfb-above-header-display":"","ast-hfb-below-header-display":"","ast-hfb-mobile-header-display":"","site-post-title":"","ast-breadcrumbs-content":"","ast-featured-img":"","footer-sml-layout":"","theme-transparent-header-meta":"default","adv-header-id-meta":"","stick-header-meta":"default","header-above-stick-meta":"","header-main-stick-meta":"","header-below-stick-meta":"","astra-migrate-meta-layouts":"set","ast-page-background-enabled":"default","ast-page-background-meta":{"desktop":{"background-color":"","background-image":"","background-repeat":"repeat","background-position":"center center","background-size":"auto","background-attachment":"scroll","background-type":"","background-media":"","overlay-type":"","overlay-color":"","overlay-gradient":""},"tablet":{"background-color":"","background-image":"","background-repeat":"repeat","background-position":"center center","background-size":"auto","background-attachment":"scroll","background-type":"","background-media":"","overlay-type":"","overlay-color":"","overlay-gradient":""},"mobile":{"background-color":"","background-image":"","background-repeat":"repeat","background-position":"center center","background-size":"auto","background-attachment":"scroll","background-type":"","background-media":"","overlay-type":"","overlay-color":"","overlay-gradient":""}},"ast-content-background-meta":{"desktop":{"background-color":"var(--ast-global-color-5)","background-image":"","background-repeat":"repeat","background-position":"center center","background-size":"auto","background-attachment":"scroll","background-type":"","background-media":"","overlay-type":"","overlay-color":"","overlay-gradient":""},"tablet":{"background-color":"var(--ast-global-color-5)","background-image":"","background-repeat":"repeat","background-position":"center center","background-size":"auto","background-attachment":"scroll","background-type":"","background-media":"","overlay-type":"","overlay-color":"","overlay-gradient":""},"mobile":{"background-color":"var(--ast-global-color-5)","background-image":"","background-repeat":"repeat","background-position":"center center","background-size":"auto","background-attachment":"scroll","background-type":"","background-media":"","overlay-type":"","overlay-color":"","overlay-gradient":""}}},"product_cat":[15],"product_tag":[],"class_list":{"0":"post-349","1":"product","2":"type-product","3":"status-publish","4":"has-post-thumbnail","6":"product_cat-product","7":"desktop-align-center","8":"tablet-align-left","9":"mobile-align-left","11":"first","12":"instock","13":"featured","14":"shipping-taxable","15":"purchasable","16":"product-type-simple"},"_links":{"self":[{"href":"https:\/\/minifragrance.co.uk\/pt\/wp-json\/wp\/v2\/product\/349","targetHints":{"allow":["GET"]}}],"collection":[{"href":"https:\/\/minifragrance.co.uk\/pt\/wp-json\/wp\/v2\/product"}],"about":[{"href":"https:\/\/minifragrance.co.uk\/pt\/wp-json\/wp\/v2\/types\/product"}],"replies":[{"embeddable":true,"href":"https:\/\/minifragrance.co.uk\/pt\/wp-json\/wp\/v2\/comments?post=349"}],"version-history":[{"count":1,"href":"https:\/\/minifragrance.co.uk\/pt\/wp-json\/wp\/v2\/product\/349\/revisions"}],"predecessor-version":[{"id":4717,"href":"https:\/\/minifragrance.co.uk\/pt\/wp-json\/wp\/v2\/product\/349\/revisions\/4717"}],"wp:featuredmedia":[{"embeddable":true,"href":"https:\/\/minifragrance.co.uk\/pt\/wp-json\/wp\/v2\/media\/4715"}],"wp:attachment":[{"href":"https:\/\/minifragrance.co.uk\/pt\/wp-json\/wp\/v2\/media?parent=349"}],"wp:term":[{"taxonomy":"product_cat","embeddable":true,"href":"https:\/\/minifragrance.co.uk\/pt\/wp-json\/wp\/v2\/product_cat?post=349"},{"taxonomy":"product_tag","embeddable":true,"href":"https:\/\/minifragrance.co.uk\/pt\/wp-json\/wp\/v2\/product_tag?post=349"}],"curies":[{"name":"wp","href":"https:\/\/api.w.org\/{rel}","templated":true}]}}