{"id":4782,"date":"2024-12-04T13:35:16","date_gmt":"2024-12-04T05:35:16","guid":{"rendered":"https:\/\/minifragrance.co.uk\/?post_type=product&#038;p=4782"},"modified":"2026-03-20T14:36:04","modified_gmt":"2026-03-20T06:36:04","slug":"miss-dior-blooming-bouquet","status":"publish","type":"product","link":"https:\/\/minifragrance.co.uk\/fi\/tuote\/miss-dior-blooming-bouquet\/","title":{"rendered":"Miss Dior Kukkiva kimppu"},"content":{"rendered":"<p><strong>Miss Dior Kukkiva kimppu<\/strong><br \/>\nAjaton klassikko, joka s\u00e4teilee eleganssia ja naisellisuutta. T\u00e4ss\u00e4 kukkaistuoksussa pioni, ruusu ja valkoinen myski yhdistyv\u00e4t luoden kevyen ja virkist\u00e4v\u00e4n tuoksun, joka sopii t\u00e4ydellisesti jokap\u00e4iv\u00e4iseen k\u00e4ytt\u00f6\u00f6n.<\/p>\n<p><strong>Sin\u00e4 ansaitset tulla juhlituksi<\/strong><\/p>\n<p>Jokainen tytt\u00f6 ansaitsee tuntea itsens\u00e4 erityiseksi, s\u00e4teilev\u00e4ksi ja itsevarmaksi - aivan kuten sin\u00e4. Ainutlaatuinen kauneutesi ja vieh\u00e4tyksesi valaisevat jokaista huonetta, ja me uskomme, ett\u00e4 voimme lis\u00e4t\u00e4 hieman ylim\u00e4\u00e4r\u00e4ist\u00e4 s\u00e4ihkett\u00e4 p\u00e4iv\u00e4\u00e4si.<\/p>\n<p>Arvostuksemme merkkin\u00e4 myym\u00e4l\u00e4mme sis\u00e4lt\u00e4\u00e4 <strong>satunnainen yll\u00e4tyslahja<\/strong> ostoksesi yhteydess\u00e4. Se on meid\u00e4n tapamme kiitt\u00e4\u00e4 sinua siit\u00e4, ett\u00e4 olet uskomaton ja jaat matkasi kanssamme.<\/p>\n<p>Koska et vain tee ostoksia kanssamme, vaan olet osa jotain erityist\u00e4. \ud83d\udc95<\/p>\n<p><strong>Miniparfyymien mukavuus: Matkusta kevyesti, tuoksu jumalalliselta<\/strong><\/p>\n<p>Miniparfyymit ovat t\u00e4ydellinen yhdistelm\u00e4 ylellisyytt\u00e4 ja k\u00e4yt\u00e4nn\u00f6llisyytt\u00e4. Ne on suunniteltu liikkeell\u00e4 oleville, ja ne tarjoavat kaiken t\u00e4ysikokoisten tuoksujen tyylikkyyden ja hienostuneisuuden kompaktissa, matkalle sopivassa koossa.<\/p>\n<p>Siirrett\u00e4vyys: Sujauta ne laukkuun, kytkimeen tai taskuun, jotta voit vaivattomasti p\u00e4ivitt\u00e4\u00e4 niit\u00e4 koko p\u00e4iv\u00e4n tai y\u00f6n.<br \/>\nLajike: Tutustu useisiin tuoksuihin sitoutumatta yhteen pulloon - ihanteellinen tapa l\u00f6yt\u00e4\u00e4 seuraava tunnusomainen tuoksusi.<br \/>\nMatkavalmis: Lentoyhti\u00f6iden hyv\u00e4ksym\u00e4t koot tarkoittavat, ett\u00e4 voit ottaa suosikkiparfyymisi mukaan kaikkialle.<br \/>\nHelppo lahja: T\u00e4ydellinen tapa jakaa ensiluokkaisten tuoksujen maailma l\u00e4heisten kanssa.<\/p>\n<p>Diorin miniparfyymimallistossa yhdistyv\u00e4t laadukas k\u00e4sity\u00f6taito ja mukavuus, jotta voit huokua itsevarmuutta ja tyyli\u00e4 miss\u00e4 ja milloin tahansa.<\/p>","protected":false},"excerpt":{"rendered":"<p>Ajaton klassikko, joka s\u00e4teilee eleganssia ja naisellisuutta. T\u00e4ss\u00e4 kukkaistuoksussa pioni, ruusu ja valkoinen myski yhdistyv\u00e4t luoden kevyen ja virkist\u00e4v\u00e4n tuoksun, joka sopii t\u00e4ydellisesti jokap\u00e4iv\u00e4iseen k\u00e4ytt\u00f6\u00f6n.<\/p>","protected":false},"featured_media":4783,"comment_status":"open","ping_status":"closed","template":"","meta":{"site-sidebar-layout":"default","site-content-layout":"","ast-site-content-layout":"default","site-content-style":"default","site-sidebar-style":"default","ast-global-header-display":"","ast-banner-title-visibility":"","ast-main-header-display":"","ast-hfb-above-header-display":"","ast-hfb-below-header-display":"","ast-hfb-mobile-header-display":"","site-post-title":"","ast-breadcrumbs-content":"","ast-featured-img":"","footer-sml-layout":"","theme-transparent-header-meta":"default","adv-header-id-meta":"","stick-header-meta":"default","header-above-stick-meta":"","header-main-stick-meta":"","header-below-stick-meta":"","astra-migrate-meta-layouts":"set","ast-page-background-enabled":"default","ast-page-background-meta":{"desktop":{"background-color":"","background-image":"","background-repeat":"repeat","background-position":"center center","background-size":"auto","background-attachment":"scroll","background-type":"","background-media":"","overlay-type":"","overlay-color":"","overlay-gradient":""},"tablet":{"background-color":"","background-image":"","background-repeat":"repeat","background-position":"center center","background-size":"auto","background-attachment":"scroll","background-type":"","background-media":"","overlay-type":"","overlay-color":"","overlay-gradient":""},"mobile":{"background-color":"","background-image":"","background-repeat":"repeat","background-position":"center center","background-size":"auto","background-attachment":"scroll","background-type":"","background-media":"","overlay-type":"","overlay-color":"","overlay-gradient":""}},"ast-content-background-meta":{"desktop":{"background-color":"var(--ast-global-color-5)","background-image":"","background-repeat":"repeat","background-position":"center center","background-size":"auto","background-attachment":"scroll","background-type":"","background-media":"","overlay-type":"","overlay-color":"","overlay-gradient":""},"tablet":{"background-color":"var(--ast-global-color-5)","background-image":"","background-repeat":"repeat","background-position":"center center","background-size":"auto","background-attachment":"scroll","background-type":"","background-media":"","overlay-type":"","overlay-color":"","overlay-gradient":""},"mobile":{"background-color":"var(--ast-global-color-5)","background-image":"","background-repeat":"repeat","background-position":"center center","background-size":"auto","background-attachment":"scroll","background-type":"","background-media":"","overlay-type":"","overlay-color":"","overlay-gradient":""}}},"product_cat":[15,76,60,73],"product_tag":[],"class_list":{"0":"post-4782","1":"product","2":"type-product","3":"status-publish","4":"has-post-thumbnail","6":"product_cat-product","7":"product_cat-aftershave","8":"product_cat-fragrances","9":"product_cat-men","10":"desktop-align-center","11":"tablet-align-left","12":"mobile-align-left","14":"first","15":"instock","16":"sale","17":"shipping-taxable","18":"purchasable","19":"product-type-variable"},"_links":{"self":[{"href":"https:\/\/minifragrance.co.uk\/fi\/wp-json\/wp\/v2\/product\/4782","targetHints":{"allow":["GET"]}}],"collection":[{"href":"https:\/\/minifragrance.co.uk\/fi\/wp-json\/wp\/v2\/product"}],"about":[{"href":"https:\/\/minifragrance.co.uk\/fi\/wp-json\/wp\/v2\/types\/product"}],"replies":[{"embeddable":true,"href":"https:\/\/minifragrance.co.uk\/fi\/wp-json\/wp\/v2\/comments?post=4782"}],"version-history":[{"count":3,"href":"https:\/\/minifragrance.co.uk\/fi\/wp-json\/wp\/v2\/product\/4782\/revisions"}],"predecessor-version":[{"id":4792,"href":"https:\/\/minifragrance.co.uk\/fi\/wp-json\/wp\/v2\/product\/4782\/revisions\/4792"}],"wp:featuredmedia":[{"embeddable":true,"href":"https:\/\/minifragrance.co.uk\/fi\/wp-json\/wp\/v2\/media\/4783"}],"wp:attachment":[{"href":"https:\/\/minifragrance.co.uk\/fi\/wp-json\/wp\/v2\/media?parent=4782"}],"wp:term":[{"taxonomy":"product_cat","embeddable":true,"href":"https:\/\/minifragrance.co.uk\/fi\/wp-json\/wp\/v2\/product_cat?post=4782"},{"taxonomy":"product_tag","embeddable":true,"href":"https:\/\/minifragrance.co.uk\/fi\/wp-json\/wp\/v2\/product_tag?post=4782"}],"curies":[{"name":"wp","href":"https:\/\/api.w.org\/{rel}","templated":true}]}}