{"id":4776,"date":"2024-12-02T11:17:45","date_gmt":"2024-12-02T03:17:45","guid":{"rendered":"https:\/\/minifragrance.co.uk\/?post_type=product&#038;p=4776"},"modified":"2024-12-02T11:21:14","modified_gmt":"2024-12-02T03:21:14","slug":"armani-my-way","status":"publish","type":"product","link":"https:\/\/minifragrance.co.uk\/fi\/tuote\/armani-my-way\/","title":{"rendered":"Armani My Way"},"content":{"rendered":"<p>My Way on kutsu avata horisonttiasi ja kokea merkityksellisi\u00e4 kohtaamisia kaikkialla maailmassa. Valoisa kimppu valkoisia kukkia on suljettu pulloon, joka muistuttaa talismaania: maailman vertauskuvana.<\/p>\n<p>MY WAY sis\u00e4lt\u00e4\u00e4 l\u00f6yt\u00f6j\u00e4 ja yhteyksi\u00e4, jotka on omistettu uteliaalle, autenttiselle naiselle, joka etsii kokemuksia, jotka haastavat ennakkok\u00e4sitykset, el\u00e4\u00e4 merkityksellisi\u00e4 kohtaamisia kaikkialla maailmassa.<\/p>\n<p>T\u00e4m\u00e4 naisellinen tuoksu on valmistettu parhaista luonnollisista ainesosista. Yl\u00e4nuoteissa bergamotti kohtaa Egyptist\u00e4 per\u00e4isin olevat appelsiininkukat luoden loistavaa kirkkautta; syd\u00e4n avautuu Intiasta per\u00e4isin olevan tuberoosin ja jasmiinin s\u00e4teilev\u00e4\u00e4n kimppuun. Lopuksi perusnuotit: harmonia, joka koostuu aistillisesta Premium Bourbon Vanillasta Madagaskarilta, Virginian setripuun eloisista vivahteista ja herk\u00e4st\u00e4 valkoisesta myskist\u00e4.<\/p>\n<p>Sininen ja kultainen lippis on maailman vertauskuva. Sininen on universaali v\u00e4ri, joka yhdist\u00e4\u00e4 meit\u00e4 kaikkia. Sit\u00e4 ymp\u00e4r\u00f6i kultarengas, johon on kaiverrettu Giorgio Armanin tunnus, joka symboloi matkan, jota jokainen kohtaaminen rikastuttaa. T\u00e4m\u00e4 ylellinen tuoksu on uudelleent\u00e4ytett\u00e4v\u00e4.<\/p>\n<p>Muista talismaani, joka kattaa kaikki merkitykselliset kohtaamiset. OLEN MIT\u00c4 EL\u00c4N.<\/p>\n<p>Ainesosat: Alcohol, Parfum \/ Fragrance, Aqua \/ Water, Linalool, Benzyl Salicylate, Benzyl Alcohol, Hydroxycitronellal, Limonene, Ethylhexyl Salicylate, Butyl Methoxydibenzoylmethane, Metyyliantranilaatti, heksyylikinnamali, geranioli, sitronelloli, eugenoli, sitraali, alfa-isometyyli-iononi, tris(tetrametyylihydroksipiperidinoli)sitraatti, isoeugenoli, kaneli, bentsyylibentsoaatti.<\/p>","protected":false},"excerpt":{"rendered":"<ul class=\"list-unstyled\">\n<li class=\"product-model\"><b>Malli:<\/b>211<\/li>\n<li class=\"product-weight\"><b>Paino:<\/b>0.17oz<\/li>\n<\/ul>","protected":false},"featured_media":4777,"comment_status":"closed","ping_status":"closed","template":"","meta":{"site-sidebar-layout":"default","site-content-layout":"","ast-site-content-layout":"default","site-content-style":"default","site-sidebar-style":"default","ast-global-header-display":"","ast-banner-title-visibility":"","ast-main-header-display":"","ast-hfb-above-header-display":"","ast-hfb-below-header-display":"","ast-hfb-mobile-header-display":"","site-post-title":"","ast-breadcrumbs-content":"","ast-featured-img":"","footer-sml-layout":"","theme-transparent-header-meta":"default","adv-header-id-meta":"","stick-header-meta":"default","header-above-stick-meta":"","header-main-stick-meta":"","header-below-stick-meta":"","astra-migrate-meta-layouts":"set","ast-page-background-enabled":"default","ast-page-background-meta":{"desktop":{"background-color":"","background-image":"","background-repeat":"repeat","background-position":"center center","background-size":"auto","background-attachment":"scroll","background-type":"","background-media":"","overlay-type":"","overlay-color":"","overlay-gradient":""},"tablet":{"background-color":"","background-image":"","background-repeat":"repeat","background-position":"center center","background-size":"auto","background-attachment":"scroll","background-type":"","background-media":"","overlay-type":"","overlay-color":"","overlay-gradient":""},"mobile":{"background-color":"","background-image":"","background-repeat":"repeat","background-position":"center center","background-size":"auto","background-attachment":"scroll","background-type":"","background-media":"","overlay-type":"","overlay-color":"","overlay-gradient":""}},"ast-content-background-meta":{"desktop":{"background-color":"var(--ast-global-color-5)","background-image":"","background-repeat":"repeat","background-position":"center center","background-size":"auto","background-attachment":"scroll","background-type":"","background-media":"","overlay-type":"","overlay-color":"","overlay-gradient":""},"tablet":{"background-color":"var(--ast-global-color-5)","background-image":"","background-repeat":"repeat","background-position":"center center","background-size":"auto","background-attachment":"scroll","background-type":"","background-media":"","overlay-type":"","overlay-color":"","overlay-gradient":""},"mobile":{"background-color":"var(--ast-global-color-5)","background-image":"","background-repeat":"repeat","background-position":"center center","background-size":"auto","background-attachment":"scroll","background-type":"","background-media":"","overlay-type":"","overlay-color":"","overlay-gradient":""}}},"product_cat":[15],"product_tag":[],"class_list":{"0":"post-4776","1":"product","2":"type-product","3":"status-publish","4":"has-post-thumbnail","6":"product_cat-product","7":"desktop-align-center","8":"tablet-align-left","9":"mobile-align-left","11":"first","12":"outofstock","13":"shipping-taxable","14":"purchasable","15":"product-type-variable"},"_links":{"self":[{"href":"https:\/\/minifragrance.co.uk\/fi\/wp-json\/wp\/v2\/product\/4776","targetHints":{"allow":["GET"]}}],"collection":[{"href":"https:\/\/minifragrance.co.uk\/fi\/wp-json\/wp\/v2\/product"}],"about":[{"href":"https:\/\/minifragrance.co.uk\/fi\/wp-json\/wp\/v2\/types\/product"}],"replies":[{"embeddable":true,"href":"https:\/\/minifragrance.co.uk\/fi\/wp-json\/wp\/v2\/comments?post=4776"}],"version-history":[{"count":3,"href":"https:\/\/minifragrance.co.uk\/fi\/wp-json\/wp\/v2\/product\/4776\/revisions"}],"predecessor-version":[{"id":4780,"href":"https:\/\/minifragrance.co.uk\/fi\/wp-json\/wp\/v2\/product\/4776\/revisions\/4780"}],"wp:featuredmedia":[{"embeddable":true,"href":"https:\/\/minifragrance.co.uk\/fi\/wp-json\/wp\/v2\/media\/4777"}],"wp:attachment":[{"href":"https:\/\/minifragrance.co.uk\/fi\/wp-json\/wp\/v2\/media?parent=4776"}],"wp:term":[{"taxonomy":"product_cat","embeddable":true,"href":"https:\/\/minifragrance.co.uk\/fi\/wp-json\/wp\/v2\/product_cat?post=4776"},{"taxonomy":"product_tag","embeddable":true,"href":"https:\/\/minifragrance.co.uk\/fi\/wp-json\/wp\/v2\/product_tag?post=4776"}],"curies":[{"name":"wp","href":"https:\/\/api.w.org\/{rel}","templated":true}]}}