{"id":362,"date":"2024-11-19T10:59:36","date_gmt":"2024-11-19T02:59:36","guid":{"rendered":"https:\/\/minifragrance.co.uk\/product\/dnk-yellow-shoes\/"},"modified":"2024-12-01T21:25:55","modified_gmt":"2024-12-01T13:25:55","slug":"dnk-yellow-shoes","status":"publish","type":"product","link":"https:\/\/minifragrance.co.uk\/fi\/tuote\/dnk-yellow-shoes\/","title":{"rendered":"CREED Silver Mountain Spring miesten hajuvesi EDP 100ml"},"content":{"rendered":"<p>L\u00e4mmin muistutus WARM PROMPT<br \/>\nAsiaa koskevien kansainv\u00e4listen lakien ja asetusten mukaan kosmetiikassa, jonka s\u00e4ilyvyysaika on yli 30 kuukautta, ei ole pakollista ilmoittaa s\u00e4ilyvyysaikaa. T\u00e4llaisten valmisteiden osalta olisi ilmoitettava viimeinen k\u00e4ytt\u00f6p\u00e4iv\u00e4, jonka j\u00e4lkeen ne ovat turvallisia k\u00e4ytt\u00e4\u00e4 ja joista ei ole haittaa kuluttajille avaamisen j\u00e4lkeen. Hajuvedet kuuluvat kosmetiikkaan. Jos kuluttajat kiinnitt\u00e4v\u00e4t liikaa huomiota hajuveden s\u00e4ilyvyysaikaan ja v\u00e4itt\u00e4v\u00e4t, ett\u00e4 hajuvesi on vanhentunut er\u00e4kyselyn perusteella, tee tilaus huolellisesti. Pahoittelemme sinulle aiheutunutta huonoa ostokokemusta.<\/p>\n<p>Tuotteen esittely<br \/>\nCreed uskoo hopeiseen vuoristokev\u00e4\u00e4n miesten hajuveteen (EDP), joka on j\u00e4nnitt\u00e4v\u00e4\u00e4 ja miellytt\u00e4v\u00e4\u00e4 vuoristoilmaa ja puhdasta kev\u00e4ist\u00e4 henke\u00e4 Alpeilta. Sitrus-, tee-, mustaherukka-, myski- ja meripihkatuoksut ovat my\u00f6s Olivier CREEDin henkil\u00f6kohtaisia suosikkituoksuja. Viile\u00e4 ja virkist\u00e4v\u00e4 veden tuoksu, harmoniset sitrushedelmien, teen ja mustaherukan vivahteet. Silver Mountain Springiss\u00e4 ei ole katkeruutta alusta loppuun, se on hyvin virkist\u00e4v\u00e4 ja makea. Se sopii sek\u00e4 kes\u00e4\u00e4n ett\u00e4 talveen.<br \/>\nTuotemerkki: Creed Faith<\/p>\n<p>\u25cb Tuotteen nimi: Silver Mountain Spring miesten hajuvesi<\/p>\n<p>\u25cb Tekniset tiedot: 100ml<\/p>\n<p>\u25cb Tyyppi: Tyyppi: EDP\/hajuvesi<\/p>\n<p>\u25cb Kohderyhm\u00e4: Sopii kaikille miehille.<\/p>\n<p>\u25cb hajuveden tuoksu: Fuqi tuoksu<\/p>\n<p>P\u00e4\u00e4n tuoksu: tuoksuva sitruuna, appelsiini.<\/p>\n<p>Keskimm\u00e4inen tuoksu: tee, mustaherukka.<\/p>\n<p>Pohjavivahde: valkoinen m\u00e4nty, myski, santelipuu, karvaan appelsiinin lehdet.<\/p>\n<p>Tuotteen ominaisuudet<br \/>\n\u25cb Silver mountain spring neutraali hajuvesi on j\u00e4nnitt\u00e4v\u00e4 ja miellytt\u00e4v\u00e4 vuoristoilma ja puhdas kev\u00e4inen henk\u00e4ys Alpeilta.<\/p>\n<p>\u25cb Helppo kuljettaa ja k\u00e4ytt\u00e4\u00e4, vaivattomasti k\u00e4sitell\u00e4 erilaisia sosiaalisia tilanteita.<\/p>\n<p>Tarkastuksen j\u00e4lkeen tuotteeseen ei ole lis\u00e4tty keinotekoisia v\u00e4riaineita, mineraali\u00f6ljyj\u00e4 tai s\u00e4il\u00f6nt\u00e4aineita.<\/p>\n<p>Kuinka k\u00e4ytt\u00e4\u00e4<br \/>\n\u25cb Seitsem\u00e4n pisteen menetelm\u00e4: olemus on parempi k\u00e4ytt\u00e4\u00e4 pisteell\u00e4, hajuvesi langalla ja eau de toilette pinnalla. Kiinnit\u00e4 huomiota siihen, ett\u00e4 v\u00e4lt\u00e4t pakkokitkaa hajuveden hankauksen aikana. Vaikka yksinkertainen kitka ei vahingoita hajuveden molekyylirakennetta, se nopeuttaa hajuveden haihtumista, jos l\u00e4mp\u00f6tila on liian korkea.<\/p>\n<p>\u25cb suihkutusmenetelm\u00e4: ennen kuin k\u00e4yt\u00e4t vaatteita, anna suihkun 10-20 cm: n p\u00e4\u00e4ss\u00e4 kehosta suihkuttaa sumua kuin hajuvett\u00e4, mit\u00e4 laajempi suihkutusalue, sit\u00e4 parempi, seiso sitten tuoksusumussa 5 minuuttia tai suihkuta hajuvett\u00e4 laajalla alueella ja k\u00e4vele sitten hitaasti tuoksusumun l\u00e4pi. T\u00e4m\u00e4 voi jakaa tuoksusumun tasaisesti keholle, jolloin j\u00e4ljelle j\u00e4\u00e4 heikko tuoksu.<\/p>\n<p>\u25cb Hajuveden tuoksun s\u00e4ilyvyysaika liittyy hajuveden alkoholipitoisuuteen. Ymp\u00e4rist\u00f6n l\u00e4mp\u00f6tila, kosteus ja ilmanvaihto vaikuttavat tuoksun s\u00e4ilyvyysaikaan, joten sit\u00e4 on my\u00f6s t\u00e4ydennett\u00e4v\u00e4.<\/p>\n<p>Huomio ilmoitus<br \/>\n\u00c4l\u00e4 aseta sit\u00e4 lasten ulottuville;<\/p>\n<p>S\u00e4ilyt\u00e4 pime\u00e4ss\u00e4, kuivassa paikassa, jossa l\u00e4mp\u00f6tila on enint\u00e4\u00e4n 25 astetta;<\/p>\n<p>Jos sinulla on allergisia reaktioita, hakeudu l\u00e4\u00e4k\u00e4riin.<\/p>\n<p>Tuotemerkin tarina Tuotemerkin historia<br \/>\nJames Henry Creedin Lontoossa vuonna 1760 perustama Creed-parfyymikauppa nimettiin Englannin kuningatar Victorian toimesta keisarilliseksi parfyymiksi. Vuonna 1854 Ranskan keisarinna Eugenien j\u00e4rjest\u00e4m\u00e4n\u00e4 p\u00e4\u00e4konttori siirrettiin Pariisiin, r\u00e4\u00e4t\u00e4l\u00f6itiin aatelisille ja aatelisille, ja siit\u00e4 tuli nopeasti suosittu Euroopan mantereella. L\u00e4hes 250 vuoden ajan perhe on siirtynyt sukupolvelta toiselle pit\u00e4en kiinni ikivanhasta aromien tislaustekniikasta, valiten huolellisesti korkealaatuiset ainesosat, ja kaava on tihe\u00e4 ja syv\u00e4llinen. Nerokkaat ajatukset eleganssista ja hulluudesta ovat rinnakkain, mik\u00e4 saa ihmiset haltioitumaan. Toistaiseksi Creed on jatkanut muinaisen tislausmenetelm\u00e4n k\u00e4ytt\u00f6\u00e4, jonka moderni teknologia on hyl\u00e4nnyt, tuoksun olemuksen uuttamiseksi ja vaatinut manuaalista k\u00e4ytt\u00f6\u00f6nottoa, ylpe\u00e4 luonnollisimmasta ja puhtaimmasta. Kaikki valitut materiaalit on tuotettu maailman tunnustetuilla huippualueilla, kuten ruusut Bulgarian ruusulaaksosta, jasmiini Firenzest\u00e4, intialainen iltajasmiini, vetiveri Haitista, ylang ylang ylang Madagaskarilta, tupakka Kuubasta... Santelipuun laadun varmistamiseksi olemme solmineet yksinoikeudellisen sopimuksen Mysore-toimittajien kanssa Intiassa. Pullon suussa oleva nahka on tiiviisti suljettu ja tuoksuva, vaikka koko pullo k\u00e4ytett\u00e4isiin loppuun, tuoksu s\u00e4ilyy edelleen. Erilaiset korkealaatuiset yksityiskohdat ovat kehitt\u00e4neet aromaterapian t\u00e4ydellisyytt\u00e4 \u00e4\u00e4rimmilleen, eik\u00e4 ole ihme, ett\u00e4 ala on antanut Creedille maineen \"Noble Fragrance\".<\/p>","protected":false},"excerpt":{"rendered":"<p>Chinese name: CREED Celud Silver Mountain Spring Men&#8217;s perfume EDP 100ml Foreign name: CREED SILVER MOUNTAIN WATER; EAU DE PARFUM SPRAY 3.3 OZ barcode: 871854001051 specification: 100ml<\/p>","protected":false},"featured_media":4714,"comment_status":"closed","ping_status":"closed","template":"","meta":{"site-sidebar-layout":"default","site-content-layout":"default","ast-site-content-layout":"default","site-content-style":"default","site-sidebar-style":"default","ast-global-header-display":"","ast-banner-title-visibility":"","ast-main-header-display":"","ast-hfb-above-header-display":"","ast-hfb-below-header-display":"","ast-hfb-mobile-header-display":"","site-post-title":"","ast-breadcrumbs-content":"","ast-featured-img":"","footer-sml-layout":"","theme-transparent-header-meta":"default","adv-header-id-meta":"","stick-header-meta":"default","header-above-stick-meta":"","header-main-stick-meta":"","header-below-stick-meta":"","astra-migrate-meta-layouts":"set","ast-page-background-enabled":"default","ast-page-background-meta":{"desktop":{"background-color":"","background-image":"","background-repeat":"repeat","background-position":"center center","background-size":"auto","background-attachment":"scroll","background-type":"","background-media":"","overlay-type":"","overlay-color":"","overlay-gradient":""},"tablet":{"background-color":"","background-image":"","background-repeat":"repeat","background-position":"center center","background-size":"auto","background-attachment":"scroll","background-type":"","background-media":"","overlay-type":"","overlay-color":"","overlay-gradient":""},"mobile":{"background-color":"","background-image":"","background-repeat":"repeat","background-position":"center center","background-size":"auto","background-attachment":"scroll","background-type":"","background-media":"","overlay-type":"","overlay-color":"","overlay-gradient":""}},"ast-content-background-meta":{"desktop":{"background-color":"var(--ast-global-color-5)","background-image":"","background-repeat":"repeat","background-position":"center center","background-size":"auto","background-attachment":"scroll","background-type":"","background-media":"","overlay-type":"","overlay-color":"","overlay-gradient":""},"tablet":{"background-color":"var(--ast-global-color-5)","background-image":"","background-repeat":"repeat","background-position":"center center","background-size":"auto","background-attachment":"scroll","background-type":"","background-media":"","overlay-type":"","overlay-color":"","overlay-gradient":""},"mobile":{"background-color":"var(--ast-global-color-5)","background-image":"","background-repeat":"repeat","background-position":"center center","background-size":"auto","background-attachment":"scroll","background-type":"","background-media":"","overlay-type":"","overlay-color":"","overlay-gradient":""}}},"product_cat":[15,64,65,66],"product_tag":[],"class_list":{"0":"post-362","1":"product","2":"type-product","3":"status-publish","4":"has-post-thumbnail","6":"product_cat-product","7":"product_cat-aromatherapy","8":"product_cat-candles","9":"product_cat-gifts","10":"desktop-align-center","11":"tablet-align-left","12":"mobile-align-left","14":"first","15":"instock","16":"sale","17":"featured","18":"shipping-taxable","19":"purchasable","20":"product-type-simple"},"_links":{"self":[{"href":"https:\/\/minifragrance.co.uk\/fi\/wp-json\/wp\/v2\/product\/362","targetHints":{"allow":["GET"]}}],"collection":[{"href":"https:\/\/minifragrance.co.uk\/fi\/wp-json\/wp\/v2\/product"}],"about":[{"href":"https:\/\/minifragrance.co.uk\/fi\/wp-json\/wp\/v2\/types\/product"}],"replies":[{"embeddable":true,"href":"https:\/\/minifragrance.co.uk\/fi\/wp-json\/wp\/v2\/comments?post=362"}],"version-history":[{"count":2,"href":"https:\/\/minifragrance.co.uk\/fi\/wp-json\/wp\/v2\/product\/362\/revisions"}],"predecessor-version":[{"id":4787,"href":"https:\/\/minifragrance.co.uk\/fi\/wp-json\/wp\/v2\/product\/362\/revisions\/4787"}],"wp:featuredmedia":[{"embeddable":true,"href":"https:\/\/minifragrance.co.uk\/fi\/wp-json\/wp\/v2\/media\/4714"}],"wp:attachment":[{"href":"https:\/\/minifragrance.co.uk\/fi\/wp-json\/wp\/v2\/media?parent=362"}],"wp:term":[{"taxonomy":"product_cat","embeddable":true,"href":"https:\/\/minifragrance.co.uk\/fi\/wp-json\/wp\/v2\/product_cat?post=362"},{"taxonomy":"product_tag","embeddable":true,"href":"https:\/\/minifragrance.co.uk\/fi\/wp-json\/wp\/v2\/product_tag?post=362"}],"curies":[{"name":"wp","href":"https:\/\/api.w.org\/{rel}","templated":true}]}}