{"id":4782,"date":"2024-12-04T13:35:16","date_gmt":"2024-12-04T05:35:16","guid":{"rendered":"https:\/\/minifragrance.co.uk\/?post_type=product&#038;p=4782"},"modified":"2026-03-20T14:36:04","modified_gmt":"2026-03-20T06:36:04","slug":"miss-dior-blooming-bouquet","status":"publish","type":"product","link":"https:\/\/minifragrance.co.uk\/es\/producto\/miss-dior-blooming-bouquet\/","title":{"rendered":"Ramo de flores Miss Dior"},"content":{"rendered":"<p><strong>Ramo de flores Miss Dior<\/strong><br \/>\nUn cl\u00e1sico atemporal que irradia elegancia y feminidad. Esta fragancia floral combina peon\u00eda, rosa y almizcle blanco para crear un aroma ligero y refrescante perfecto para llevar a diario.<\/p>\n<p><strong>Mereces que te celebren<\/strong><\/p>\n<p>Todas las chicas merecen sentirse especiales, radiantes y seguras de s\u00ed mismas, como t\u00fa. Tu belleza y encanto \u00fanicos iluminan cada habitaci\u00f3n, y nosotros creemos en a\u00f1adir un poco m\u00e1s de brillo a tu d\u00eda.<\/p>\n<p>Como muestra de nuestro agradecimiento, nuestra tienda incluir\u00e1 un <strong>regalo sorpresa al azar<\/strong> con tu compra. Es nuestra forma de darte las gracias por ser incre\u00edble y compartir tu viaje con nosotros.<\/p>\n<p>Porque no solo compras con nosotros: formas parte de algo especial. \ud83d\udc95<\/p>\n<p><strong>La comodidad de los miniperfumes: Viaja ligero, huele divino<\/strong><\/p>\n<p>Los miniperfumes son la combinaci\u00f3n perfecta de lujo y funcionalidad. Dise\u00f1ados para los que se desplazan, ofrecen toda la elegancia y sofisticaci\u00f3n de las fragancias de tama\u00f1o completo en un tama\u00f1o compacto y apto para viajes.<\/p>\n<p>Portabilidad: M\u00e9telos en el bolso, la cartera o el bolsillo para retocarte sin esfuerzo durante el d\u00eda o la noche.<br \/>\nVariedad: Explore varias fragancias sin comprometerse con un solo frasco, ideal para descubrir su pr\u00f3xima fragancia exclusiva.<br \/>\nListo para viajar: Los tama\u00f1os aprobados por las aerol\u00edneas le permiten llevar sus perfumes favoritos dondequiera que vaya.<br \/>\nRegalar es f\u00e1cil: una forma perfecta de compartir el mundo de las fragancias premium con sus seres queridos.<\/p>\n<p>La minicolecci\u00f3n de perfumes Dior combina la artesan\u00eda de alta calidad con la comodidad, para que pueda irradiar confianza y estilo en cualquier momento y lugar.<\/p>","protected":false},"excerpt":{"rendered":"<p>Un cl\u00e1sico atemporal que irradia elegancia y feminidad. Esta fragancia floral combina peon\u00eda, rosa y almizcle blanco para crear un aroma ligero y refrescante perfecto para llevar a diario.<\/p>","protected":false},"featured_media":4783,"comment_status":"open","ping_status":"closed","template":"","meta":{"site-sidebar-layout":"default","site-content-layout":"","ast-site-content-layout":"default","site-content-style":"default","site-sidebar-style":"default","ast-global-header-display":"","ast-banner-title-visibility":"","ast-main-header-display":"","ast-hfb-above-header-display":"","ast-hfb-below-header-display":"","ast-hfb-mobile-header-display":"","site-post-title":"","ast-breadcrumbs-content":"","ast-featured-img":"","footer-sml-layout":"","theme-transparent-header-meta":"default","adv-header-id-meta":"","stick-header-meta":"default","header-above-stick-meta":"","header-main-stick-meta":"","header-below-stick-meta":"","astra-migrate-meta-layouts":"set","ast-page-background-enabled":"default","ast-page-background-meta":{"desktop":{"background-color":"","background-image":"","background-repeat":"repeat","background-position":"center center","background-size":"auto","background-attachment":"scroll","background-type":"","background-media":"","overlay-type":"","overlay-color":"","overlay-gradient":""},"tablet":{"background-color":"","background-image":"","background-repeat":"repeat","background-position":"center center","background-size":"auto","background-attachment":"scroll","background-type":"","background-media":"","overlay-type":"","overlay-color":"","overlay-gradient":""},"mobile":{"background-color":"","background-image":"","background-repeat":"repeat","background-position":"center center","background-size":"auto","background-attachment":"scroll","background-type":"","background-media":"","overlay-type":"","overlay-color":"","overlay-gradient":""}},"ast-content-background-meta":{"desktop":{"background-color":"var(--ast-global-color-5)","background-image":"","background-repeat":"repeat","background-position":"center center","background-size":"auto","background-attachment":"scroll","background-type":"","background-media":"","overlay-type":"","overlay-color":"","overlay-gradient":""},"tablet":{"background-color":"var(--ast-global-color-5)","background-image":"","background-repeat":"repeat","background-position":"center center","background-size":"auto","background-attachment":"scroll","background-type":"","background-media":"","overlay-type":"","overlay-color":"","overlay-gradient":""},"mobile":{"background-color":"var(--ast-global-color-5)","background-image":"","background-repeat":"repeat","background-position":"center center","background-size":"auto","background-attachment":"scroll","background-type":"","background-media":"","overlay-type":"","overlay-color":"","overlay-gradient":""}}},"product_cat":[15,76,60,73],"product_tag":[],"class_list":{"0":"post-4782","1":"product","2":"type-product","3":"status-publish","4":"has-post-thumbnail","6":"product_cat-product","7":"product_cat-aftershave","8":"product_cat-fragrances","9":"product_cat-men","10":"desktop-align-center","11":"tablet-align-left","12":"mobile-align-left","14":"first","15":"instock","16":"sale","17":"shipping-taxable","18":"purchasable","19":"product-type-variable"},"_links":{"self":[{"href":"https:\/\/minifragrance.co.uk\/es\/wp-json\/wp\/v2\/product\/4782","targetHints":{"allow":["GET"]}}],"collection":[{"href":"https:\/\/minifragrance.co.uk\/es\/wp-json\/wp\/v2\/product"}],"about":[{"href":"https:\/\/minifragrance.co.uk\/es\/wp-json\/wp\/v2\/types\/product"}],"replies":[{"embeddable":true,"href":"https:\/\/minifragrance.co.uk\/es\/wp-json\/wp\/v2\/comments?post=4782"}],"version-history":[{"count":3,"href":"https:\/\/minifragrance.co.uk\/es\/wp-json\/wp\/v2\/product\/4782\/revisions"}],"predecessor-version":[{"id":4792,"href":"https:\/\/minifragrance.co.uk\/es\/wp-json\/wp\/v2\/product\/4782\/revisions\/4792"}],"wp:featuredmedia":[{"embeddable":true,"href":"https:\/\/minifragrance.co.uk\/es\/wp-json\/wp\/v2\/media\/4783"}],"wp:attachment":[{"href":"https:\/\/minifragrance.co.uk\/es\/wp-json\/wp\/v2\/media?parent=4782"}],"wp:term":[{"taxonomy":"product_cat","embeddable":true,"href":"https:\/\/minifragrance.co.uk\/es\/wp-json\/wp\/v2\/product_cat?post=4782"},{"taxonomy":"product_tag","embeddable":true,"href":"https:\/\/minifragrance.co.uk\/es\/wp-json\/wp\/v2\/product_tag?post=4782"}],"curies":[{"name":"wp","href":"https:\/\/api.w.org\/{rel}","templated":true}]}}