{"id":4776,"date":"2024-12-02T11:17:45","date_gmt":"2024-12-02T03:17:45","guid":{"rendered":"https:\/\/minifragrance.co.uk\/?post_type=product&#038;p=4776"},"modified":"2024-12-02T11:21:14","modified_gmt":"2024-12-02T03:21:14","slug":"armani-my-way","status":"publish","type":"product","link":"https:\/\/minifragrance.co.uk\/es\/producto\/armani-my-way\/","title":{"rendered":"Armani My Way"},"content":{"rendered":"<p>My Way es una invitaci\u00f3n a abrir horizontes y vivir encuentros significativos en todo el mundo. Un luminoso ramo de flores blancas se encierra en un frasco que se asemeja a un talism\u00e1n: una met\u00e1fora del mundo.<\/p>\n<p>MY WAY contiene descubrimientos y conexiones dedicados a una mujer curiosa y aut\u00e9ntica, en busca de experiencias que desaf\u00eden las ideas preconcebidas, para vivir encuentros significativos en todo el mundo.<\/p>\n<p>Esta fragancia femenina est\u00e1 elaborada con los mejores ingredientes naturales. En las notas de salida, la Bergamota se encuentra con las Flores de Azahar de Egipto, creando una luminosidad brillante; el coraz\u00f3n se abre en un radiante bouquet de Nardo y Jazm\u00edn de la India. Por \u00faltimo, las notas de fondo: una armon\u00eda compuesta por una sensual Vainilla Bourbon Premium de Madagascar, vibrantes matices de Madera de Cedro de Virginia y delicados Almizcles Blancos.<\/p>\n<p>La gorra azul y dorada es una met\u00e1fora del mundo. El azul es el color universal que nos une a todos. Est\u00e1 rodeado por un anillo de oro, grabado con la firma \"Giorgio Armani\", para simbolizar un viaje enriquecido por cada encuentro. Esta lujosa fragancia es recargable.<\/p>\n<p>Recuerda un talism\u00e1n que engloba todos los encuentros significativos. SOY LO QUE VIVO<\/p>\n<p>Ingredientes: Alcohol, Parfum \/ Fragancia, Aqua \/ Agua, Linalol, Salicilato de bencilo, Alcohol benc\u00edlico, Hidroxicitronelal, Limoneno, Salicilato de etilhexilo, Butil metoxidibenzoilmetano, Antranilato de metilo, Hexil cinamal, Geraniol, Citronelol, Eugenol, Citral, Alfa-Isometil Ionona, Citrato de Tris(Tetrametilhidroxipiperidinol), Isoeugenol, Cinamal, Benzoato de bencilo.<\/p>","protected":false},"excerpt":{"rendered":"<ul class=\"list-unstyled\">\n<li class=\"product-model\"><b>Modelo:<\/b>211<\/li>\n<li class=\"product-weight\"><b>Peso:<\/b>0.17oz<\/li>\n<\/ul>","protected":false},"featured_media":4777,"comment_status":"closed","ping_status":"closed","template":"","meta":{"site-sidebar-layout":"default","site-content-layout":"","ast-site-content-layout":"default","site-content-style":"default","site-sidebar-style":"default","ast-global-header-display":"","ast-banner-title-visibility":"","ast-main-header-display":"","ast-hfb-above-header-display":"","ast-hfb-below-header-display":"","ast-hfb-mobile-header-display":"","site-post-title":"","ast-breadcrumbs-content":"","ast-featured-img":"","footer-sml-layout":"","theme-transparent-header-meta":"default","adv-header-id-meta":"","stick-header-meta":"default","header-above-stick-meta":"","header-main-stick-meta":"","header-below-stick-meta":"","astra-migrate-meta-layouts":"set","ast-page-background-enabled":"default","ast-page-background-meta":{"desktop":{"background-color":"","background-image":"","background-repeat":"repeat","background-position":"center center","background-size":"auto","background-attachment":"scroll","background-type":"","background-media":"","overlay-type":"","overlay-color":"","overlay-gradient":""},"tablet":{"background-color":"","background-image":"","background-repeat":"repeat","background-position":"center center","background-size":"auto","background-attachment":"scroll","background-type":"","background-media":"","overlay-type":"","overlay-color":"","overlay-gradient":""},"mobile":{"background-color":"","background-image":"","background-repeat":"repeat","background-position":"center center","background-size":"auto","background-attachment":"scroll","background-type":"","background-media":"","overlay-type":"","overlay-color":"","overlay-gradient":""}},"ast-content-background-meta":{"desktop":{"background-color":"var(--ast-global-color-5)","background-image":"","background-repeat":"repeat","background-position":"center center","background-size":"auto","background-attachment":"scroll","background-type":"","background-media":"","overlay-type":"","overlay-color":"","overlay-gradient":""},"tablet":{"background-color":"var(--ast-global-color-5)","background-image":"","background-repeat":"repeat","background-position":"center center","background-size":"auto","background-attachment":"scroll","background-type":"","background-media":"","overlay-type":"","overlay-color":"","overlay-gradient":""},"mobile":{"background-color":"var(--ast-global-color-5)","background-image":"","background-repeat":"repeat","background-position":"center center","background-size":"auto","background-attachment":"scroll","background-type":"","background-media":"","overlay-type":"","overlay-color":"","overlay-gradient":""}}},"product_cat":[15],"product_tag":[],"class_list":{"0":"post-4776","1":"product","2":"type-product","3":"status-publish","4":"has-post-thumbnail","6":"product_cat-product","7":"desktop-align-center","8":"tablet-align-left","9":"mobile-align-left","11":"first","12":"outofstock","13":"shipping-taxable","14":"purchasable","15":"product-type-variable"},"_links":{"self":[{"href":"https:\/\/minifragrance.co.uk\/es\/wp-json\/wp\/v2\/product\/4776","targetHints":{"allow":["GET"]}}],"collection":[{"href":"https:\/\/minifragrance.co.uk\/es\/wp-json\/wp\/v2\/product"}],"about":[{"href":"https:\/\/minifragrance.co.uk\/es\/wp-json\/wp\/v2\/types\/product"}],"replies":[{"embeddable":true,"href":"https:\/\/minifragrance.co.uk\/es\/wp-json\/wp\/v2\/comments?post=4776"}],"version-history":[{"count":3,"href":"https:\/\/minifragrance.co.uk\/es\/wp-json\/wp\/v2\/product\/4776\/revisions"}],"predecessor-version":[{"id":4780,"href":"https:\/\/minifragrance.co.uk\/es\/wp-json\/wp\/v2\/product\/4776\/revisions\/4780"}],"wp:featuredmedia":[{"embeddable":true,"href":"https:\/\/minifragrance.co.uk\/es\/wp-json\/wp\/v2\/media\/4777"}],"wp:attachment":[{"href":"https:\/\/minifragrance.co.uk\/es\/wp-json\/wp\/v2\/media?parent=4776"}],"wp:term":[{"taxonomy":"product_cat","embeddable":true,"href":"https:\/\/minifragrance.co.uk\/es\/wp-json\/wp\/v2\/product_cat?post=4776"},{"taxonomy":"product_tag","embeddable":true,"href":"https:\/\/minifragrance.co.uk\/es\/wp-json\/wp\/v2\/product_tag?post=4776"}],"curies":[{"name":"wp","href":"https:\/\/api.w.org\/{rel}","templated":true}]}}