{"id":349,"date":"2024-11-19T10:59:34","date_gmt":"2024-11-19T02:59:34","guid":{"rendered":"https:\/\/minifragrance.co.uk\/product\/dark-brown-jeans\/"},"modified":"2024-12-01T21:26:49","modified_gmt":"2024-12-01T13:26:49","slug":"dark-brown-jeans","status":"publish","type":"product","link":"https:\/\/minifragrance.co.uk\/es\/producto\/dark-brown-jeans\/","title":{"rendered":"Recordatorio c\u00e1lido WARM PROMPT"},"content":{"rendered":"<p>Recordatorio c\u00e1lido WARM PROMPT<br \/>\nDe acuerdo con las leyes y reglamentos internacionales pertinentes, no es obligatorio indicar la fecha de caducidad de los cosm\u00e9ticos cuya vida \u00fatil supere los 30 meses. En el caso de estos productos, debe indicarse la fecha de caducidad de uso seguro y no perjudicial para los consumidores tras su apertura. El perfume pertenece a los cosm\u00e9ticos. Si los consumidores prestan demasiada atenci\u00f3n a la caducidad del perfume y afirman que el perfume est\u00e1 caducado por consulta de lote, por favor, haga un pedido con cuidado. Lamentamos la mala experiencia de compra que le hemos causado.<\/p>\n<p>Presentaci\u00f3n del producto<br \/>\nCreed cree en el perfume para hombre silver mountain spring (EDP), que es aire de monta\u00f1a excitante y confortable y puro aliento primaveral de los Alpes. Las fragancias de c\u00edtricos, t\u00e9, grosella negra, almizcle y \u00e1mbar gris son tambi\u00e9n las favoritas personales de Olivier CREED. Aroma de agua fresca y refrescante, notas armoniosas de c\u00edtricos, t\u00e9 y grosella negra. Silver Mountain Spring no tiene amargor de principio a fin, es muy refrescante y dulce. Es adecuado tanto para el verano como para el invierno.<br \/>\nMarca: Creed Faith<\/p>\n<p>\u25cb Nombre del producto: Perfume de hombre Silver Mountain Spring<\/p>\n<p>Especificaciones: 100ml<\/p>\n<p>Tipo: EDP\/perfume<\/p>\n<p>Destinatarios: Adecuado para el uso de todos los hombres.<\/p>\n<p>\u25cb Perfume fragancia: Fragancia Fuqi<\/p>\n<p>Nota de cabeza: lim\u00f3n fragante, naranja.<\/p>\n<p>Nota media: t\u00e9, grosella negra.<\/p>\n<p>Nota de fondo: pino blanco, almizcle, s\u00e1ndalo, hojas de naranjo amargo.<\/p>\n<p>Caracter\u00edsticas del producto<br \/>\n\u25cb Perfume neutro Silver mountain spring es aire de monta\u00f1a excitante y confortable y el puro aliento primaveral de los Alpes.<\/p>\n<p>\u25cb F\u00e1cil de transportar y utilizar, se maneja sin esfuerzo en diversas situaciones sociales.<\/p>\n<p>Tras la inspecci\u00f3n, no se han a\u00f1adido colorantes artificiales, aceites minerales ni conservantes.<\/p>\n<p>C\u00f3mo utilizarlo<br \/>\n\u25cb M\u00e9todo de los siete puntos: la esencia se utiliza mejor con el punto, el perfume con el hilo y el eau de toilette con la superficie. Preste atenci\u00f3n a evitar la fricci\u00f3n forzada durante el proceso de frotar el perfume. Aunque la simple fricci\u00f3n no da\u00f1ar\u00e1 la estructura molecular del perfume, acelerar\u00e1 la volatilizaci\u00f3n del perfume si la temperatura es demasiado alta.<\/p>\n<p>\u25cb M\u00e9todo de pulverizaci\u00f3n: antes de ponerse la ropa, deje que el pulverizador a 10-20 cm de distancia del cuerpo para rociar una niebla como perfume, cuanto m\u00e1s amplio sea el rango de pulverizaci\u00f3n, mejor, a continuaci\u00f3n, de pie en la niebla de fragancia durante 5 minutos, o roc\u00ede perfume en un amplio rango, y luego camine lentamente a trav\u00e9s de la niebla de fragancia. Esto puede distribuir uniformemente la niebla perfumada en el cuerpo, dejando una fragancia tenue.<\/p>\n<p>\u25cb El tiempo de retenci\u00f3n de fragancia del perfume est\u00e1 relacionado con la concentraci\u00f3n de alcohol del perfume. La temperatura, la humedad y la ventilaci\u00f3n del entorno afectar\u00e1n al tiempo de retenci\u00f3n de la fragancia, por lo que tambi\u00e9n es necesario reponerla.<\/p>\n<p>Aviso de atenci\u00f3n<br \/>\nNo lo pongas al alcance de los ni\u00f1os;<\/p>\n<p>Gu\u00e1rdelo en un lugar oscuro y seco, a una temperatura no superior a 25 grados Celsius;<\/p>\n<p>Si tiene alguna reacci\u00f3n al\u00e9rgica, solicite atenci\u00f3n m\u00e9dica.<\/p>\n<p>Historia de la marca<br \/>\nFundada por James Henry Creed en Londres en 1760, la perfumer\u00eda Creed fue designada perfume imperial por la reina Victoria de Inglaterra. En 1854, por disposici\u00f3n de la emperatriz Eugenia de Francia, la sede se traslad\u00f3 a Par\u00eds, a la medida de nobles y nobles, y r\u00e1pidamente se hizo popular en el continente europeo. Desde hace casi 250 a\u00f1os, la familia ha ido transmitiendo de generaci\u00f3n en generaci\u00f3n la antigua tecnolog\u00eda de destilaci\u00f3n de aromas, seleccionando cuidadosamente ingredientes de primera calidad, y la f\u00f3rmula es densa y profunda. Las ingeniosas ideas de elegancia y locura coexisten, extasiando a la gente. Hasta ahora Creed ha seguido utilizando el antiguo m\u00e9todo de destilaci\u00f3n, abandonado por la tecnolog\u00eda moderna, para extraer la esencia de la fragancia, y ha insistido en el despliegue manual, orgulloso de lo m\u00e1s natural y puro. Todas las materias seleccionadas proceden de las regiones m\u00e1s reconocidas del mundo, como las rosas del Valle de las Rosas de Bulgaria, el jazm\u00edn de Florencia, el jazm\u00edn vespertino de la India, el vetiver de Hait\u00ed, el ylang ylang ylang de Madagascar, el tabaco de Cuba... Para garantizar la calidad del s\u00e1ndalo, hemos firmado en exclusiva con proveedores de Mysore, en la India. El cuero de la boca del frasco est\u00e1 herm\u00e9ticamente cerrado y perfumado, incluso si se agota todo el frasco, la fragancia a\u00fan perdura. Diversos detalles de alta calidad han desarrollado hasta el extremo la perfecci\u00f3n de la aromaterapia, y no es de extra\u00f1ar que la industria haya dado a Creed la reputaci\u00f3n de \"Fragancia Noble\".<\/p>","protected":false},"excerpt":{"rendered":"<p>Nam nec tellus a odio tincidunt auctor a ornare odio. Sed non mauris vitae erat consequat auctor eu in elit. Class aptent taciti sociosqu ad litora torquent per conubia nostra, per inceptos himenaeos. Mauris in erat justo. Nullam ac urna eu felis dapibus condimentum sit amet a augue. Sed non neque elit sed.<\/p>","protected":false},"featured_media":4715,"comment_status":"closed","ping_status":"closed","template":"","meta":{"site-sidebar-layout":"default","site-content-layout":"default","ast-site-content-layout":"default","site-content-style":"default","site-sidebar-style":"default","ast-global-header-display":"","ast-banner-title-visibility":"","ast-main-header-display":"","ast-hfb-above-header-display":"","ast-hfb-below-header-display":"","ast-hfb-mobile-header-display":"","site-post-title":"","ast-breadcrumbs-content":"","ast-featured-img":"","footer-sml-layout":"","theme-transparent-header-meta":"default","adv-header-id-meta":"","stick-header-meta":"default","header-above-stick-meta":"","header-main-stick-meta":"","header-below-stick-meta":"","astra-migrate-meta-layouts":"set","ast-page-background-enabled":"default","ast-page-background-meta":{"desktop":{"background-color":"","background-image":"","background-repeat":"repeat","background-position":"center center","background-size":"auto","background-attachment":"scroll","background-type":"","background-media":"","overlay-type":"","overlay-color":"","overlay-gradient":""},"tablet":{"background-color":"","background-image":"","background-repeat":"repeat","background-position":"center center","background-size":"auto","background-attachment":"scroll","background-type":"","background-media":"","overlay-type":"","overlay-color":"","overlay-gradient":""},"mobile":{"background-color":"","background-image":"","background-repeat":"repeat","background-position":"center center","background-size":"auto","background-attachment":"scroll","background-type":"","background-media":"","overlay-type":"","overlay-color":"","overlay-gradient":""}},"ast-content-background-meta":{"desktop":{"background-color":"var(--ast-global-color-5)","background-image":"","background-repeat":"repeat","background-position":"center center","background-size":"auto","background-attachment":"scroll","background-type":"","background-media":"","overlay-type":"","overlay-color":"","overlay-gradient":""},"tablet":{"background-color":"var(--ast-global-color-5)","background-image":"","background-repeat":"repeat","background-position":"center center","background-size":"auto","background-attachment":"scroll","background-type":"","background-media":"","overlay-type":"","overlay-color":"","overlay-gradient":""},"mobile":{"background-color":"var(--ast-global-color-5)","background-image":"","background-repeat":"repeat","background-position":"center center","background-size":"auto","background-attachment":"scroll","background-type":"","background-media":"","overlay-type":"","overlay-color":"","overlay-gradient":""}}},"product_cat":[15],"product_tag":[],"class_list":{"0":"post-349","1":"product","2":"type-product","3":"status-publish","4":"has-post-thumbnail","6":"product_cat-product","7":"desktop-align-center","8":"tablet-align-left","9":"mobile-align-left","11":"first","12":"instock","13":"featured","14":"shipping-taxable","15":"purchasable","16":"product-type-simple"},"_links":{"self":[{"href":"https:\/\/minifragrance.co.uk\/es\/wp-json\/wp\/v2\/product\/349","targetHints":{"allow":["GET"]}}],"collection":[{"href":"https:\/\/minifragrance.co.uk\/es\/wp-json\/wp\/v2\/product"}],"about":[{"href":"https:\/\/minifragrance.co.uk\/es\/wp-json\/wp\/v2\/types\/product"}],"replies":[{"embeddable":true,"href":"https:\/\/minifragrance.co.uk\/es\/wp-json\/wp\/v2\/comments?post=349"}],"version-history":[{"count":1,"href":"https:\/\/minifragrance.co.uk\/es\/wp-json\/wp\/v2\/product\/349\/revisions"}],"predecessor-version":[{"id":4717,"href":"https:\/\/minifragrance.co.uk\/es\/wp-json\/wp\/v2\/product\/349\/revisions\/4717"}],"wp:featuredmedia":[{"embeddable":true,"href":"https:\/\/minifragrance.co.uk\/es\/wp-json\/wp\/v2\/media\/4715"}],"wp:attachment":[{"href":"https:\/\/minifragrance.co.uk\/es\/wp-json\/wp\/v2\/media?parent=349"}],"wp:term":[{"taxonomy":"product_cat","embeddable":true,"href":"https:\/\/minifragrance.co.uk\/es\/wp-json\/wp\/v2\/product_cat?post=349"},{"taxonomy":"product_tag","embeddable":true,"href":"https:\/\/minifragrance.co.uk\/es\/wp-json\/wp\/v2\/product_tag?post=349"}],"curies":[{"name":"wp","href":"https:\/\/api.w.org\/{rel}","templated":true}]}}